{"id":493,"date":"2023-11-08T12:07:48","date_gmt":"2023-11-08T18:07:48","guid":{"rendered":"https:\/\/corporativofluidovital.com\/?page_id=493"},"modified":"2025-03-03T16:17:07","modified_gmt":"2025-03-03T22:17:07","slug":"493-2","status":"publish","type":"page","link":"https:\/\/corporativofluidovital.com\/index.php\/493-2\/","title":{"rendered":""},"content":{"rendered":"\n<p class=\"has-text-align-center ona-text-letter-spacing has-text-color has-headings-font-family\" style=\"color:#394960;font-size:45px\"><strong>REACTIVOS Y CONSUMIBLES<\/strong><\/p>\n\n\n\n<div class=\"wp-block-group alignwide ona-container is-style-no-spacing has-background-background-color has-background is-layout-constrained wp-container-core-group-is-layout-61ac8d9a wp-block-group-is-layout-constrained\" style=\"margin-top:0;margin-bottom:0;padding-top:22px;padding-bottom:22px\">\n<div class=\"wp-block-columns is-layout-flex wp-container-core-columns-is-layout-28f84493 wp-block-columns-is-layout-flex\">\n<div class=\"wp-block-column is-layout-flow wp-block-column-is-layout-flow\">\n<div class=\"wp-block-group has-dark-color has-text-color has-background is-layout-flow wp-block-group-is-layout-flow\" style=\"background-color:#f8f8f8;padding-top:3rem;padding-right:2.5rem;padding-bottom:2.5rem;padding-left:2.5rem\">\n<h3 class=\"wp-block-heading has-text-align-center has-dark-color has-text-color\" style=\"font-size:32px\">LAMINILLAS FUJI DRI-CHEM <\/h3>\n\n\n\n<p class=\"has-text-align-center has-base-font-family\" style=\"font-size:14px;font-style:normal;font-weight:600\"><strong>M\u00e9todo Colorim\u00e9trico (Enzimas, qu\u00edmica general e inmunolog\u00eda) <\/strong><\/p>\n\n\n\n<p class=\"has-text-align-center has-base-font-family\" style=\"font-size:15px;text-transform:none\">Las laminillas est\u00e1n compuestas por multicapas de reactivo seco listas para reaccionar al entrar en contacto con la muestra.<\/p>\n\n\n\n<p class=\"has-text-align-center has-base-font-family\" style=\"font-size:14px;font-style:normal;font-weight:600\"><strong>M\u00e9todo Potenciom\u00e9trico (Electrolitos)<\/strong><\/p>\n\n\n\n<p class=\"has-text-align-center has-base-font-family\" style=\"font-size:15px;text-transform:none\">Cada laminilla contiene un electrodo de ion selectivo para Na, K y Cl.<\/p>\n\n\n\n<div class=\"wp-block-buttons is-content-justification-center is-layout-flex wp-container-core-buttons-is-layout-a89b3969 wp-block-buttons-is-layout-flex\">\n<div class=\"wp-block-button\"><a class=\"wp-block-button__link has-background wp-element-button\" style=\"background-color:#394a61c9\">m\u00e1s&#8230;<\/a><\/div>\n<\/div>\n<\/div>\n<\/div>\n\n\n\n<div class=\"wp-block-column is-layout-flow wp-block-column-is-layout-flow\">\n<div class=\"wp-block-group has-background is-layout-flow wp-block-group-is-layout-flow\" style=\"background-color:#f8f8f8;padding-top:3rem;padding-right:2.5rem;padding-bottom:2.5rem;padding-left:2.5rem\">\n<h3 class=\"wp-block-heading has-text-align-center has-dark-color has-text-color\" style=\"font-size:32px\">SUEROS CONTROL<\/h3>\n\n\n\n<p class=\"has-text-align-center has-base-font-family\" style=\"font-size:15px;text-transform:none\">Los sueros control se utilizan para confirmar el rendimiento utilizando laminillas para plasma y suero. <\/p>\n\n\n\n<p class=\"has-text-align-center has-base-font-family\" style=\"font-size:15px;text-transform:none\">\u201cLos valores promedio y rangos esperados\u201d para las pruebas se proporcionan para evaluar el estado de control. <\/p>\n\n\n\n<p class=\"has-text-align-center has-base-font-family\" style=\"font-size:15px;text-transform:none\">Este producto se prepara a partir de suero humano y se env\u00eda en forma liofilizada. <\/p>\n\n\n\n<div class=\"wp-block-buttons is-content-justification-center is-layout-flex wp-container-core-buttons-is-layout-a89b3969 wp-block-buttons-is-layout-flex\">\n<div class=\"wp-block-button\"><a class=\"wp-block-button__link has-background wp-element-button\" style=\"background-color:#394a61c9\">m\u00e1s&#8230;<\/a><\/div>\n<\/div>\n<\/div>\n\n\n\n<div style=\"height:20px\" aria-hidden=\"true\" class=\"wp-block-spacer\"><\/div>\n<\/div>\n\n\n\n<div class=\"wp-block-column is-layout-flow wp-block-column-is-layout-flow\">\n<div class=\"wp-block-group has-background is-layout-flow wp-block-group-is-layout-flow\" style=\"background-color:#f8f8f8;padding-top:3rem;padding-right:2.5rem;padding-bottom:2.5rem;padding-left:2.5rem\">\n<h3 class=\"wp-block-heading has-text-align-center has-dark-color has-text-color\" style=\"font-size:32px\">CONSUMIBLES<\/h3>\n\n\n\n<p class=\"has-base-font-family\" style=\"font-size:15px;text-transform:none\"><strong>P<\/strong>IPETAS<br> Puntas Auto tips<\/p>\n\n\n\n<p class=\"has-base-font-family\" style=\"font-size:15px;text-transform:none\"><strong>T<\/strong>UBOS<br> Tubo sencillo 0.5 mL <br> Tubo sencillo 1.5 mL<\/p>\n\n\n\n<p class=\"has-base-font-family\" style=\"font-size:15px;text-transform:none\">Tubo con heparina 0.5 mL<br>Tubo con heparina 1.5 mL<\/p>\n\n\n\n<p class=\"has-base-font-family\" style=\"font-size:15px;text-transform:none\"><strong>C<\/strong>OPAS DE MEZCLA <br> Mixing cups S (NX500) <br> Mixing cups (NX600\/NX700)<\/p>\n\n\n\n<p class=\"has-base-font-family\" style=\"font-size:15px\"><strong>Papel T\u00e9rmico<\/strong><\/p>\n\n\n\n<div class=\"wp-block-buttons is-content-justification-center is-layout-flex wp-container-core-buttons-is-layout-a89b3969 wp-block-buttons-is-layout-flex\">\n<div class=\"wp-block-button\"><a class=\"wp-block-button__link has-background wp-element-button\" style=\"background-color:#394a61c9\">m\u00e1s&#8230;<\/a><\/div>\n<\/div>\n<\/div>\n\n\n\n<div style=\"height:20px\" aria-hidden=\"true\" class=\"wp-block-spacer\"><\/div>\n<\/div>\n<\/div>\n<\/div>\n\n\n\n<p><\/p>\n","protected":false},"excerpt":{"rendered":"<p>REACTIVOS Y CONSUMIBLES LAMINILLAS FUJI DRI-CHEM M\u00e9todo Colorim\u00e9trico (Enzimas, qu\u00edmica general e inmunolog\u00eda) Las laminillas est\u00e1n compuestas por multicapas de reactivo seco listas para reaccionar al entrar en contacto con la muestra. M\u00e9todo Potenciom\u00e9trico (Electrolitos) Cada laminilla contiene un electrodo de ion selectivo para Na, K y Cl. SUEROS CONTROL Los sueros control se utilizan [&hellip;]<\/p>\n","protected":false},"author":1,"featured_media":0,"parent":0,"menu_order":0,"comment_status":"closed","ping_status":"closed","template":"","meta":{"content-type":"","footnotes":""},"class_list":["post-493","page","type-page","status-publish","hentry"],"_links":{"self":[{"href":"https:\/\/corporativofluidovital.com\/index.php\/wp-json\/wp\/v2\/pages\/493","targetHints":{"allow":["GET"]}}],"collection":[{"href":"https:\/\/corporativofluidovital.com\/index.php\/wp-json\/wp\/v2\/pages"}],"about":[{"href":"https:\/\/corporativofluidovital.com\/index.php\/wp-json\/wp\/v2\/types\/page"}],"author":[{"embeddable":true,"href":"https:\/\/corporativofluidovital.com\/index.php\/wp-json\/wp\/v2\/users\/1"}],"replies":[{"embeddable":true,"href":"https:\/\/corporativofluidovital.com\/index.php\/wp-json\/wp\/v2\/comments?post=493"}],"version-history":[{"count":36,"href":"https:\/\/corporativofluidovital.com\/index.php\/wp-json\/wp\/v2\/pages\/493\/revisions"}],"predecessor-version":[{"id":713,"href":"https:\/\/corporativofluidovital.com\/index.php\/wp-json\/wp\/v2\/pages\/493\/revisions\/713"}],"wp:attachment":[{"href":"https:\/\/corporativofluidovital.com\/index.php\/wp-json\/wp\/v2\/media?parent=493"}],"curies":[{"name":"wp","href":"https:\/\/api.w.org\/{rel}","templated":true}]}}